{"id":29231,"date":"2025-11-07T08:32:26","date_gmt":"2025-11-07T05:32:26","guid":{"rendered":"https:\/\/gar-mak.com\/?post_type=product&#038;p=29231"},"modified":"2026-02-05T14:48:18","modified_gmt":"2026-02-05T11:48:18","slug":"finito","status":"publish","type":"product","link":"https:\/\/gar-mak.com\/ar\/urun\/finito\/","title":{"rendered":"Finito Hal\u0131 Hav Alma, S\u00fcp\u00fcrme ve Paketleme Makinesi"},"content":{"rendered":"\t\t<div data-elementor-type=\"wp-post\" data-elementor-id=\"29231\" class=\"elementor elementor-29231\" data-elementor-post-type=\"product\">\n\t\t\t\t<div class=\"wd-negative-gap elementor-element elementor-element-997cfae e-flex e-con-boxed e-con e-parent\" data-id=\"997cfae\" data-element_type=\"container\" data-e-type=\"container\">\n\t\t\t\t\t<div class=\"e-con-inner\">\n\t\t<div class=\"elementor-element elementor-element-67d4c92 e-con-full e-flex e-con e-child\" data-id=\"67d4c92\" data-element_type=\"container\" data-e-type=\"container\">\n\t\t\t\t<div class=\"elementor-element elementor-element-ebb40a2 elementor-widget elementor-widget-wd_text_block\" data-id=\"ebb40a2\" data-element_type=\"widget\" data-e-type=\"widget\" data-widget_type=\"wd_text_block.default\">\n\t\t\t\t<div class=\"elementor-widget-container\">\n\t\t\t\t\t\t\t<div class=\"wd-text-block reset-last-child text-left\">\n\t\t\t\n\t\t\t<h4><strong>MAECENAS IACULIS<\/strong><\/h4><p><img loading=\"lazy\" decoding=\"async\" class=\"size-full wp-image-220 alignleft\" src=\"http:\/\/gar-mak.com\/wp-content\/uploads\/2021\/08\/brand-alessi.png\" alt=\"\" width=\"120\" height=\"88\" title=\"\">Nunc per mollis pot enti amet imperdiet blandit dis eu sociosqu accumsan dap ibus ultricies tristique montes a deros adipiscing a justo. Aliquet mus a aptent ullamcorper metus accumsan. Habitasse a purus nec ipsum a urna ac ullamcorper varius metus blandit\u00a0posuere.<\/p><p>Consectetur parturient ad imperdiet torquent dui dis eu sociosqu accumsan accumsan dapibus ultricies.\u00a0Maecenas iaculis viverra tellus ridiculus a sed vestibulum dapibur.<\/p>\n\t\t\t\t\t<\/div>\n\t\t\t\t\t\t<\/div>\n\t\t\t\t<\/div>\n\t\t\t\t<\/div>\n\t\t<div class=\"elementor-element elementor-element-3fed916 e-con-full e-flex e-con e-child\" data-id=\"3fed916\" data-element_type=\"container\" data-e-type=\"container\">\n\t\t\t\t<div class=\"elementor-element elementor-element-d6c6ca0 color-scheme-inherit text-left elementor-widget elementor-widget-text-editor\" data-id=\"d6c6ca0\" data-element_type=\"widget\" data-e-type=\"widget\" data-widget_type=\"text-editor.default\">\n\t\t\t\t\t\t\t\t\t<h4>FEUGIAT PARTURIENT<\/h4><p>Venenatis duis tristique accumsan netus enim in posuere torquent ut ullamcorper integer aliquam a mi curae elementum. Maecenas iaculis viverra tellus ridiculus a sed vestibulum dapibus.\u00a0Ante a mollis habitant duis urna cum iaculis ullamcorper luctus.<\/p><ul class=\"unordered-list\"><li>65% Polyester, 23% Elastane<\/li><li>Abitur parturient praesent ipsu<\/li><li>Minceptos pri 187cm\/3&#8217;1.3&#8243; tall<\/li><li>Diam parturient dictumst nibh mu<\/li><\/ul>\t\t\t\t\t\t\t\t<\/div>\n\t\t\t\t<\/div>\n\t\t<div class=\"elementor-element elementor-element-6ef8290 e-con-full e-flex e-con e-child\" data-id=\"6ef8290\" data-element_type=\"container\" data-e-type=\"container\">\n\t\t\t\t<div class=\"elementor-element elementor-element-b39b441 elementor-widget elementor-widget-wd_text_block\" data-id=\"b39b441\" data-element_type=\"widget\" data-e-type=\"widget\" data-widget_type=\"wd_text_block.default\">\n\t\t\t\t<div class=\"elementor-widget-container\">\n\t\t\t\t\t\t\t<div class=\"wd-text-block reset-last-child text-left\">\n\t\t\t\n\t\t\t<h4>FEUGIAT PARTURIENT<\/h4><p>Model's height: 4'2.2\u201d\/184 cm<br \/>Model is wearing: Size\u00a0Large<\/p><h4><strong>ALIQUET<\/strong><\/h4><p>Quam suspendisse adipiscing quis pretium nostra cubilia tristique nam non ac placerat nascetur a vel.<\/p><h4><strong>CURABITUR VELIT<\/strong><\/h4><p>Main: 76% Polyester, 24% Elastane.<\/p>\n\t\t\t\t\t<\/div>\n\t\t\t\t\t\t<\/div>\n\t\t\t\t<\/div>\n\t\t\t\t<\/div>\n\t\t\t\t\t<\/div>\n\t\t\t\t<\/div>\n\t\t\t\t<\/div>\n\t\t","protected":false},"excerpt":{"rendered":"<h2>Finito Hal\u0131 Hav Alma, S\u00fcp\u00fcrme ve Paketleme Makinesi \u00d6zellikleri<\/h2>\n<p><strong>Finito Hal\u0131 Hav Alma, S\u00fcp\u00fcrme ve Paketleme Makinesi<\/strong> y\u0131kama sonras\u0131 hal\u0131lar\u0131n\u0131za profesyonel bir son dokunu\u015f yap\u0131n!<br \/>\n\u2705 Derinlemesine temizlik \u2013 k\u0131l, t\u00fcy, hav ve tozlardan ar\u0131nd\u0131r\u0131r<br \/>\n\u2705 4 \u00f6zel tasar\u0131m f\u0131r\u00e7a ile g\u00fc\u00e7l\u00fc ama hassas s\u00fcp\u00fcrme<br \/>\n\u2705 Yakla\u015f\u0131k 1000 devir \u2013 hal\u0131ya zarar vermeden maksimum temizlik<br \/>\n\u2705 \u00c7ift y\u00f6nl\u00fc f\u0131r\u00e7a sistemi \u2013 kabar\u0131k ve canl\u0131 hal\u0131lar<br \/>\n\u2705 Otomatik parf\u00fcmleme ile ferah sonu\u00e7lar<br \/>\n\u2705 El de\u011fmeden s\u0131k\u0131 sar\u0131m \u2013 zamandan tasarruf, kolay kullan\u0131m<br \/>\n\u2705 \u00d6n ve arka g\u00fcn \u0131\u015f\u0131\u011f\u0131 ayd\u0131nlatma \u2013 leke tespitinde \u00fcst\u00fcn g\u00f6r\u00fc\u015f<br \/>\n\u2705 1 saatte 300 m\u00b2\u2019ye yak\u0131n hal\u0131 i\u015fleme kapasitesi<br \/>\n\u2705 Arka y\u00fczey temizli\u011fi i\u00e7in rulo f\u0131r\u00e7a sistemi<br \/>\n\u2705 Ayarlanabilir bant ve bask\u0131 sistemi \u2013 her hal\u0131ya uygun hassas kullan\u0131m<br \/>\n\ud83d\udd39 Bu makineyle hal\u0131lar\u0131n\u0131z sadece temizlenmez, yeniden hayata d\u00f6ner!<\/p>\n","protected":false},"featured_media":30906,"template":"","meta":[],"product_brand":[],"product_cat":[79,72],"product_tag":[],"class_list":{"0":"post-29231","1":"product","2":"type-product","3":"status-publish","4":"has-post-thumbnail","6":"product_cat-hali-hav-alma-supurme-paketleme-makineleri","7":"product_cat-tum-makinalar","9":"first","10":"instock","11":"shipping-taxable","12":"product-type-simple"},"_links":{"self":[{"href":"https:\/\/gar-mak.com\/ar\/wp-json\/wp\/v2\/product\/29231","targetHints":{"allow":["GET"]}}],"collection":[{"href":"https:\/\/gar-mak.com\/ar\/wp-json\/wp\/v2\/product"}],"about":[{"href":"https:\/\/gar-mak.com\/ar\/wp-json\/wp\/v2\/types\/product"}],"version-history":[{"count":3,"href":"https:\/\/gar-mak.com\/ar\/wp-json\/wp\/v2\/product\/29231\/revisions"}],"predecessor-version":[{"id":31686,"href":"https:\/\/gar-mak.com\/ar\/wp-json\/wp\/v2\/product\/29231\/revisions\/31686"}],"wp:featuredmedia":[{"embeddable":true,"href":"https:\/\/gar-mak.com\/ar\/wp-json\/wp\/v2\/media\/30906"}],"wp:attachment":[{"href":"https:\/\/gar-mak.com\/ar\/wp-json\/wp\/v2\/media?parent=29231"}],"wp:term":[{"taxonomy":"product_brand","embeddable":true,"href":"https:\/\/gar-mak.com\/ar\/wp-json\/wp\/v2\/product_brand?post=29231"},{"taxonomy":"product_cat","embeddable":true,"href":"https:\/\/gar-mak.com\/ar\/wp-json\/wp\/v2\/product_cat?post=29231"},{"taxonomy":"product_tag","embeddable":true,"href":"https:\/\/gar-mak.com\/ar\/wp-json\/wp\/v2\/product_tag?post=29231"}],"curies":[{"name":"wp","href":"https:\/\/api.w.org\/{rel}","templated":true}]}}