{"id":3,"date":"2025-09-05T10:25:09","date_gmt":"2025-09-05T07:25:09","guid":{"rendered":"https:\/\/gar-mak.com\/?page_id=3"},"modified":"2025-10-22T22:44:58","modified_gmt":"2025-10-22T19:44:58","slug":"gizlilik-politikasi","status":"publish","type":"page","link":"https:\/\/gar-mak.com\/ar\/gizlilik-politikasi\/","title":{"rendered":"Gizlilik Politikas\u0131"},"content":{"rendered":"\t\t<div data-elementor-type=\"wp-page\" data-elementor-id=\"3\" class=\"elementor elementor-3\" data-elementor-post-type=\"page\">\n\t\t\t\t<div class=\"wd-negative-gap elementor-element elementor-element-7b6ea003 e-flex e-con-boxed e-con e-parent\" data-id=\"7b6ea003\" data-element_type=\"container\" data-e-type=\"container\">\n\t\t\t\t\t<div class=\"e-con-inner\">\n\t\t\t\t<div class=\"elementor-element elementor-element-754fb888 color-scheme-inherit text-left elementor-widget elementor-widget-text-editor\" data-id=\"754fb888\" data-element_type=\"widget\" data-e-type=\"widget\" data-widget_type=\"text-editor.default\">\n\t\t\t\t\t\t\t\t\t\n<div class=\"elementor-element elementor-element-9d49b47 elementor-widget elementor-widget-heading\" data-id=\"9d49b47\" data-element_type=\"widget\" data-widget_type=\"heading.default\">\n<div class=\"elementor-widget-container\">\n<p>T\u00fcm sorular\u0131n\u0131z\u0131 yan\u0131tlamak i\u00e7in buraday\u0131z<\/p>\n<p><strong>Site Kullan\u0131m Kurallar\u0131 ve Yasal Uyar\u0131<\/strong><\/p>\n<p>1.Gar-Mak internet sitesindeki t\u00fcm dok\u00fcmanlar Gar-Mak\u2019\u0131n m\u00fclkiyetindedir. Kod ve yaz\u0131l\u0131m da dahil olmak \u00fczere, bu sitedeki hi\u00e7 bir malzemeyi de\u011fi\u015ftiremez, kopyalayamaz, \u00e7o\u011faltamaz, yeniden yay\u0131mlayamaz, ba\u015fka bir bilgisayara y\u00fckleyemez, postalayamaz, iletemez ya da da\u011f\u0131tamazs\u0131n\u0131z. Yukar\u0131da belirtilenden ba\u011f\u0131ms\u0131z olarak, site\u2019nin sayfalar\u0131n\u0131n yaz\u0131c\u0131 \u00e7\u0131kt\u0131s\u0131n\u0131 ki\u015fisel kullan\u0131m\u0131n\u0131z i\u00e7in alabilirsiniz.<\/p>\n<p>2.Gar-Mak web sitesinin vir\u00fcs ve benzeri ama\u00e7l\u0131 yaz\u0131l\u0131mlardan ar\u0131nd\u0131r\u0131lm\u0131\u015f olmas\u0131 i\u00e7in mevcut imkanlar dahilinde tedbir al\u0131nm\u0131\u015f olmakla birlikte, nihai g\u00fcvenli\u011fin sa\u011flanmas\u0131 i\u00e7in kullan\u0131c\u0131, kendi vir\u00fcs koruma sistemini tedarik etmek ve gerekli korumay\u0131 sa\u011flamakla y\u00fck\u00fcml\u00fcd\u00fcr. Bu \u00e7er\u00e7evede kullan\u0131c\u0131, Gar-Mak web sitesi\u2019ne girmesi nedeniyle , kendi yaz\u0131l\u0131m ve i\u015fletim sistemlerinde olu\u015fabilecek t\u00fcm hata ve bunlar\u0131n do\u011frudan yada dolayl\u0131 sonu\u00e7lar\u0131ndan kendisinin sorumlu oldu\u011funu kabul eder.<\/p>\n<p>3.Gar-Mak web sitesi\u2019nde yer alan her t\u00fcrl\u00fc bilgi sadece tan\u0131t\u0131m ve bilgi verme ama\u00e7l\u0131d\u0131r. Kullan\u0131c\u0131 hi\u00e7bir \u015fekilde web sitesi\u2019nde yer alan \u201cbilgi\u201dlerin hatal\u0131 oldu\u011fu yada bu bilgilere istinaden zarara u\u011frad\u0131\u011f\u0131 iddias\u0131nda bulunamaz. Kullan\u0131c\u0131, bilgi\u2019leri referans alarak bir i\u015flem yapmak niyetinde oldu\u011funda , nihai ve g\u00fcvenilir enformasyonu, Gar-Mak\u2019tan temin etmekle y\u00fck\u00fcml\u00fc oldu\u011funu ve web sitesi\u2019nde yay\u0131nlanan bilgilerin g\u00fcncel olmamas\u0131 nedeniyle Gar-Mak\u2019\u0131n herhangi bir sorumlulu\u011fu olmad\u0131\u011f\u0131n\u0131 kabul eder.<\/p>\n<p>4.Gar-Mak, kendi takdirinde olmak \u00fczere sitenin i\u00e7eri\u011fini diledi\u011fi zaman de\u011fi\u015ftirme, kullan\u0131c\u0131lara sa\u011flanan herhangi bir hizmeti de\u011fi\u015ftirme yada sona erdirme ve Gar-Mak web sitesi\u2019nde kay\u0131tl\u0131 kullan\u0131c\u0131 bilgi ve verilerini silme hakk\u0131n\u0131 sakl\u0131 tutar. Gar-Mak web sitesi\u2019nin hatas\u0131z olmas\u0131 i\u00e7in hert\u00fcrl\u00fc tedbir alm\u0131\u015f olmakla birlikte, sitede mevcut yada olu\u015fabilecek hatalar ile ilgili herhangi bir garanti verilmemektedir.<\/p>\n<p>5.Resmi makamlardan kullan\u0131c\u0131\u2019ya y\u00f6nelik bir su\u00e7 duyurusu yada resmi soru\u015fturma talebi gelmesi ve\/veya kullac\u0131n\u0131n Gar-Mak sistemlerinin \u00e7al\u0131\u015fmas\u0131na engel olacak yada i\u015fleyi\u015fini de\u011fi\u015ftirecek herhangi bir elektronik sabotaj veya sald\u0131r\u0131 yapt\u0131\u011f\u0131n\u0131n tespit edilmesi halinde, Gar-Mak, kullan\u0131c\u0131n\u0131n kimlik bilgilerini ara\u015ft\u0131rma ve yasal mercilere bildirimde bulunma hakk\u0131na sahiptir.<\/p>\n<p>6.Internetin yap\u0131s\u0131 gere\u011fi bilgiler internet \u00fczerinde yeterli g\u00fcvenlik \u00f6nlemleri olmaks\u0131z\u0131n dola\u015fabilir ve yetkili olmayan ki\u015filer taraf\u0131ndan al\u0131n\u0131p kullan\u0131labilir. Bu kullan\u0131m ve kullan\u0131mdan do\u011facak zarar Gar-Mak\u2019\u0131n sorumlulu\u011funda de\u011fildir.<\/p>\n<p>7.Baz\u0131 durumlarda, \u015fahs\u0131n\u0131za \u00f6zel olmayan bilgiler toplanabilir. Bu tip bilgilere \u00f6rnek olarak kulland\u0131\u011f\u0131n\u0131z internet browser\u2019\u0131n t\u00fcr\u00fc, i\u015fletim sisteminiz, site\u2019mize linkle ya da ilanla ula\u015ft\u0131\u011f\u0131n\u0131z sitenin domain ismi, ip adresiniz verilebilir.<\/p>\n<p>8.Gar-Mak web sitesi, \u201ckullan\u0131m \u015fartlar\u0131\u201dn\u0131n herhangi bir maddesini, bildirimde bulunmaks\u0131z\u0131n de\u011fi\u015ftirme , yenileme veya iptal hakk\u0131na sahiptir. De\u011fi\u015ftirilen, yenilenen yada y\u00fcr\u00fcrl\u00fckten kald\u0131r\u0131lan her h\u00fck\u00fcm, yay\u0131n tarihinde t\u00fcm kullan\u0131c\u0131lar bak\u0131m\u0131ndan h\u00fck\u00fcm ifade edecektir.<\/p>\n<p>9.Bu anla\u015fma, T.C. yasalar\u0131na uygun olarak, hi\u00e7bir yasal tezat\u2019a yer verilmeden y\u00fcr\u00fct\u00fclecektir. E\u011fer bu anla\u015fman\u0131n herhangi bir maddesi, yasad\u0131\u015f\u0131, ge\u00e7ersiz ya da herhangi bir nedenden \u00f6t\u00fcr\u00fc yasal a\u00e7\u0131dan uygulanamaz durumdaysa, o halde s\u00f6z konusu madde bu anla\u015fmadan \u00e7\u0131kar\u0131labilir say\u0131lacak ve geriye kalan maddelerin ge\u00e7erlili\u011fini ve yasal a\u00e7\u0131dan uygulanabilirli\u011fini etkilemeyecektir.<\/p>\n<p>10.Gar-Mak internet sitesi \u00fczerinden vermi\u015f oldu\u011funuz hakk\u0131n\u0131zdaki bilgiler hi\u00e7bir \u015fekilde \u00fc\u00e7\u00fcnc\u00fc \u015fah\u0131slarla payla\u015f\u0131lmayacak ya da ticari ama\u00e7la kullan\u0131lmayacakt\u0131r.<\/p>\n<\/div>\n<\/div>\t\t\t\t\t\t\t\t<\/div>\n\t\t\t\t\t<\/div>\n\t\t\t\t<\/div>\n\t\t\t\t<\/div>\n\t\t","protected":false},"excerpt":{"rendered":"<p>T\u00fcm sorular\u0131n\u0131z\u0131 yan\u0131tlamak i\u00e7in buraday\u0131z Site Kullan\u0131m Kurallar\u0131 ve Yasal Uyar\u0131 1.Gar-Mak internet sitesindeki t\u00fcm dok\u00fcmanlar Gar-Mak\u2019\u0131n m\u00fclkiyetindedir. Kod ve<\/p>\n","protected":false},"author":2,"featured_media":0,"parent":0,"menu_order":0,"comment_status":"closed","ping_status":"closed","template":"","meta":{"footnotes":""},"class_list":["post-3","page","type-page","status-publish","hentry"],"_links":{"self":[{"href":"https:\/\/gar-mak.com\/ar\/wp-json\/wp\/v2\/pages\/3","targetHints":{"allow":["GET"]}}],"collection":[{"href":"https:\/\/gar-mak.com\/ar\/wp-json\/wp\/v2\/pages"}],"about":[{"href":"https:\/\/gar-mak.com\/ar\/wp-json\/wp\/v2\/types\/page"}],"author":[{"embeddable":true,"href":"https:\/\/gar-mak.com\/ar\/wp-json\/wp\/v2\/users\/2"}],"replies":[{"embeddable":true,"href":"https:\/\/gar-mak.com\/ar\/wp-json\/wp\/v2\/comments?post=3"}],"version-history":[{"count":0,"href":"https:\/\/gar-mak.com\/ar\/wp-json\/wp\/v2\/pages\/3\/revisions"}],"wp:attachment":[{"href":"https:\/\/gar-mak.com\/ar\/wp-json\/wp\/v2\/media?parent=3"}],"curies":[{"name":"wp","href":"https:\/\/api.w.org\/{rel}","templated":true}]}}