{"id":2,"date":"2025-09-05T10:25:09","date_gmt":"2025-09-05T07:25:09","guid":{"rendered":"https:\/\/gar-mak.com\/?page_id=2"},"modified":"2025-12-29T11:45:17","modified_gmt":"2025-12-29T08:45:17","slug":"servis-talep-formu","status":"publish","type":"page","link":"https:\/\/gar-mak.com\/ar\/servis-talep-formu\/","title":{"rendered":"Servis Talep Formu"},"content":{"rendered":"\t\t<div data-elementor-type=\"wp-page\" data-elementor-id=\"2\" class=\"elementor elementor-2\" data-elementor-post-type=\"page\">\n\t\t\t\t<div class=\"elementor-element elementor-element-22e3e5e e-flex e-con-boxed e-con e-child\" data-id=\"22e3e5e\" data-element_type=\"container\" data-e-type=\"container\">\n\t\t\t\t\t<div class=\"e-con-inner\">\n\t\t<div class=\"elementor-element elementor-element-c101866 e-con-full e-flex e-con e-child\" data-id=\"c101866\" data-element_type=\"container\" data-e-type=\"container\" data-settings=\"{&quot;background_background&quot;:&quot;classic&quot;}\">\n\t\t\t\t<div class=\"elementor-element elementor-element-4436574 elementor-widget elementor-widget-heading\" data-id=\"4436574\" data-element_type=\"widget\" data-e-type=\"widget\" data-widget_type=\"heading.default\">\n\t\t\t\t\t<h2 class=\"elementor-heading-title elementor-size-default\">Makineler ile ilgili servis taleplerinizi a\u015fa\u011f\u0131daki formu doldurarak bize iletebilirsiniz.<\/h2>\t\t\t\t<\/div>\n\t\t\t\t<div class=\"elementor-element elementor-element-b707106 elementor-widget elementor-widget-heading\" data-id=\"b707106\" data-element_type=\"widget\" data-e-type=\"widget\" data-widget_type=\"heading.default\">\n\t\t\t\t\t<h2 class=\"elementor-heading-title elementor-size-default\">SERV\u0130S TALEP FORMU<\/h2>\t\t\t\t<\/div>\n\t\t\t\t<div class=\"elementor-element elementor-element-0f17fdf elementor-widget elementor-widget-heading\" data-id=\"0f17fdf\" data-element_type=\"widget\" data-e-type=\"widget\" data-widget_type=\"heading.default\">\n\t\t\t\t\t<h2 class=\"elementor-heading-title elementor-size-default\">Acil servis taleplerinizi 90 532 655 55 61 numaral\u0131 telefona bildirebilirsiniz.\n<\/h2>\t\t\t\t<\/div>\n\t\t\t\t<div class=\"elementor-element elementor-element-0f326b6 elementor-widget elementor-widget-heading\" data-id=\"0f326b6\" data-element_type=\"widget\" data-e-type=\"widget\" data-widget_type=\"heading.default\">\n\t\t\t\t\t<h2 class=\"elementor-heading-title elementor-size-default\">Gar-Mak'tan en iyi \u015fekilde hizmet alabilmek i\u00e7in l\u00fctfen a\u015fa\u011f\u0131daki formu eksiksiz doldurunuz.<\/h2>\t\t\t\t<\/div>\n\t\t\t\t<div class=\"elementor-element elementor-element-db2c23b elementor-mobile-button-align-stretch elementor-widget__width-initial elementor-button-align-center elementor-widget elementor-widget-form\" data-id=\"db2c23b\" data-element_type=\"widget\" data-e-type=\"widget\" data-settings=\"{&quot;button_width_tablet&quot;:&quot;30&quot;,&quot;button_width&quot;:&quot;100&quot;,&quot;step_type&quot;:&quot;number_text&quot;,&quot;step_icon_shape&quot;:&quot;circle&quot;}\" data-widget_type=\"form.default\">\n\t\t\t\t\t\t\t<form class=\"elementor-form\" method=\"post\" name=\"\u0130leti\u015fim\" aria-label=\"\u0130leti\u015fim\">\n\t\t\t<input type=\"hidden\" name=\"post_id\" value=\"2\"\/>\n\t\t\t<input type=\"hidden\" name=\"form_id\" value=\"db2c23b\"\/>\n\t\t\t<input type=\"hidden\" name=\"referer_title\" value=\"Servis Talep Formu - GarMak\" \/>\n\n\t\t\t\t\t\t\t<input type=\"hidden\" name=\"queried_id\" value=\"2\"\/>\n\t\t\t\n\t\t\t<div class=\"elementor-form-fields-wrapper elementor-labels-above\">\n\t\t\t\t\t\t\t\t<div class=\"elementor-field-type-text elementor-field-group elementor-column elementor-field-group-email elementor-col-50 elementor-md-50 elementor-field-required elementor-mark-required\">\n\t\t\t\t\t\t\t\t\t\t\t\t<label for=\"form-field-email\" class=\"elementor-field-label\">\n\t\t\t\t\t\t\t\tAd\u0131n\u0131z Soyad\u0131n\u0131z\t\t\t\t\t\t\t<\/label>\n\t\t\t\t\t\t\t\t\t\t\t\t\t\t<input size=\"1\" type=\"text\" name=\"form_fields[email]\" id=\"form-field-email\" class=\"elementor-field elementor-size-md  elementor-field-textual\" placeholder=\"\u0130sim - Soyisim\" required=\"required\">\n\t\t\t\t\t\t\t\t\t\t\t<\/div>\n\t\t\t\t\t\t\t\t<div class=\"elementor-field-type-email elementor-field-group elementor-column elementor-field-group-field_456fba5 elementor-col-50 elementor-md-50 elementor-field-required elementor-mark-required\">\n\t\t\t\t\t\t\t\t\t\t\t\t<label for=\"form-field-field_456fba5\" class=\"elementor-field-label\">\n\t\t\t\t\t\t\t\tE-posta\t\t\t\t\t\t\t<\/label>\n\t\t\t\t\t\t\t\t\t\t\t\t\t\t<input size=\"1\" type=\"email\" name=\"form_fields[field_456fba5]\" id=\"form-field-field_456fba5\" class=\"elementor-field elementor-size-md  elementor-field-textual\" placeholder=\"E-posta Adresiniz\" required=\"required\">\n\t\t\t\t\t\t\t\t\t\t\t<\/div>\n\t\t\t\t\t\t\t\t<div class=\"elementor-field-type-text elementor-field-group elementor-column elementor-field-group-field_e2e702f elementor-col-50 elementor-md-50 elementor-field-required elementor-mark-required\">\n\t\t\t\t\t\t\t\t\t\t\t\t<label for=\"form-field-field_e2e702f\" class=\"elementor-field-label\">\n\t\t\t\t\t\t\t\tFirma  Ad\u0131\t\t\t\t\t\t\t<\/label>\n\t\t\t\t\t\t\t\t\t\t\t\t\t\t<input size=\"1\" type=\"text\" name=\"form_fields[field_e2e702f]\" id=\"form-field-field_e2e702f\" class=\"elementor-field elementor-size-md  elementor-field-textual\" placeholder=\"Firma  Ad\u0131\" required=\"required\">\n\t\t\t\t\t\t\t\t\t\t\t<\/div>\n\t\t\t\t\t\t\t\t<div class=\"elementor-field-type-tel elementor-field-group elementor-column elementor-field-group-field_04d2ff1 elementor-col-50 elementor-md-50 elementor-field-required elementor-mark-required\">\n\t\t\t\t\t\t\t\t\t\t\t\t<label for=\"form-field-field_04d2ff1\" class=\"elementor-field-label\">\n\t\t\t\t\t\t\t\tTelefon\t\t\t\t\t\t\t<\/label>\n\t\t\t\t\t\t\t\t<input size=\"1\" type=\"tel\" name=\"form_fields[field_04d2ff1]\" id=\"form-field-field_04d2ff1\" class=\"elementor-field elementor-size-md  elementor-field-textual\" placeholder=\"Telefon numaran\u0131z\u0131 yaz\u0131n\u0131z...\" required=\"required\" pattern=\"[0-9()#&amp;+*-=.]+\" title=\"Only numbers and phone characters (#, -, *, etc) are accepted.\">\n\n\t\t\t\t\t\t<\/div>\n\t\t\t\t\t\t\t\t<div class=\"elementor-field-type-checkbox elementor-field-group elementor-column elementor-field-group-field_07c7d8e elementor-col-100 elementor-md-50\">\n\t\t\t\t\t\t\t\t\t\t\t\t<label for=\"form-field-field_07c7d8e\" class=\"elementor-field-label\">\n\t\t\t\t\t\t\t\tServis Talep Konusu\t\t\t\t\t\t\t<\/label>\n\t\t\t\t\t\t<div class=\"elementor-field-subgroup  elementor-subgroup-inline\"><span class=\"elementor-field-option\"><input type=\"checkbox\" value=\"Revisyon Uyarlama\" id=\"form-field-field_07c7d8e-0\" name=\"form_fields[field_07c7d8e][]\"> <label for=\"form-field-field_07c7d8e-0\">Revisyon Uyarlama<\/label><\/span><span class=\"elementor-field-option\"><input type=\"checkbox\" value=\"Kurulum\" id=\"form-field-field_07c7d8e-1\" name=\"form_fields[field_07c7d8e][]\"> <label for=\"form-field-field_07c7d8e-1\">Kurulum<\/label><\/span><span class=\"elementor-field-option\"><input type=\"checkbox\" value=\"E\u011fitim\" id=\"form-field-field_07c7d8e-2\" name=\"form_fields[field_07c7d8e][]\"> <label for=\"form-field-field_07c7d8e-2\">E\u011fitim<\/label><\/span><span class=\"elementor-field-option\"><input type=\"checkbox\" value=\"Teknik Destek\" id=\"form-field-field_07c7d8e-3\" name=\"form_fields[field_07c7d8e][]\"> <label for=\"form-field-field_07c7d8e-3\">Teknik Destek<\/label><\/span><span class=\"elementor-field-option\"><input type=\"checkbox\" value=\"Ar\u0131za Bildirimi\" id=\"form-field-field_07c7d8e-4\" name=\"form_fields[field_07c7d8e][]\"> <label for=\"form-field-field_07c7d8e-4\">Ar\u0131za Bildirimi<\/label><\/span><span class=\"elementor-field-option\"><input type=\"checkbox\" value=\"Di\u011fer\" id=\"form-field-field_07c7d8e-5\" name=\"form_fields[field_07c7d8e][]\"> <label for=\"form-field-field_07c7d8e-5\">Di\u011fer<\/label><\/span><\/div>\t\t\t\t<\/div>\n\t\t\t\t\t\t\t\t<div class=\"elementor-field-type-text elementor-field-group elementor-column elementor-field-group-field_2f9f449 elementor-col-50 elementor-md-50 elementor-field-required elementor-mark-required\">\n\t\t\t\t\t\t\t\t\t\t\t\t<label for=\"form-field-field_2f9f449\" class=\"elementor-field-label\">\n\t\t\t\t\t\t\t\tFatura No:\t\t\t\t\t\t\t<\/label>\n\t\t\t\t\t\t\t\t\t\t\t\t\t\t<input size=\"1\" type=\"text\" name=\"form_fields[field_2f9f449]\" id=\"form-field-field_2f9f449\" class=\"elementor-field elementor-size-md  elementor-field-textual\" placeholder=\"Fatura No:\" required=\"required\">\n\t\t\t\t\t\t\t\t\t\t\t<\/div>\n\t\t\t\t\t\t\t\t<div class=\"elementor-field-type-date elementor-field-group elementor-column elementor-field-group-field_cd3924d elementor-col-50 elementor-md-50 elementor-field-required elementor-mark-required\">\n\t\t\t\t\t\t\t\t\t\t\t\t<label for=\"form-field-field_cd3924d\" class=\"elementor-field-label\">\n\t\t\t\t\t\t\t\tFatura Tarihi\t\t\t\t\t\t\t<\/label>\n\t\t\t\t\t\t\n\t\t<input type=\"date\" name=\"form_fields[field_cd3924d]\" id=\"form-field-field_cd3924d\" class=\"elementor-field elementor-size-md  elementor-field-textual elementor-date-field\" placeholder=\"Fatura Tarihi\" required=\"required\" pattern=\"[0-9]{4}-[0-9]{2}-[0-9]{2}\">\n\t\t\t\t\t\t<\/div>\n\t\t\t\t\t\t\t\t<div class=\"elementor-field-type-checkbox elementor-field-group elementor-column elementor-field-group-field_934b298 elementor-col-50 elementor-md-50\">\n\t\t\t\t\t\t\t\t\t\t\t\t<label for=\"form-field-field_934b298\" class=\"elementor-field-label\">\n\t\t\t\t\t\t\t\tGaranti Durumu\t\t\t\t\t\t\t<\/label>\n\t\t\t\t\t\t<div class=\"elementor-field-subgroup  elementor-subgroup-inline\"><span class=\"elementor-field-option\"><input type=\"checkbox\" value=\"Garanti Kapsam\u0131nda\" id=\"form-field-field_934b298-0\" name=\"form_fields[field_934b298][]\"> <label for=\"form-field-field_934b298-0\">Garanti Kapsam\u0131nda<\/label><\/span><span class=\"elementor-field-option\"><input type=\"checkbox\" value=\"Garanti D\u0131\u015f\u0131\" id=\"form-field-field_934b298-1\" name=\"form_fields[field_934b298][]\"> <label for=\"form-field-field_934b298-1\">Garanti D\u0131\u015f\u0131<\/label><\/span><\/div>\t\t\t\t<\/div>\n\t\t\t\t\t\t\t\t<div class=\"elementor-field-type-checkbox elementor-field-group elementor-column elementor-field-group-field_71c4192 elementor-col-50 elementor-md-50\">\n\t\t\t\t\t\t\t\t\t\t\t\t<label for=\"form-field-field_71c4192\" class=\"elementor-field-label\">\n\t\t\t\t\t\t\t\tMakine Tipi\t\t\t\t\t\t\t<\/label>\n\t\t\t\t\t\t<div class=\"elementor-field-subgroup  elementor-subgroup-inline\"><span class=\"elementor-field-option\"><input type=\"checkbox\" value=\"XCV\" id=\"form-field-field_71c4192-0\" name=\"form_fields[field_71c4192][]\"> <label for=\"form-field-field_71c4192-0\">XCV<\/label><\/span><span class=\"elementor-field-option\"><input type=\"checkbox\" value=\"XCV-E\" id=\"form-field-field_71c4192-1\" name=\"form_fields[field_71c4192][]\"> <label for=\"form-field-field_71c4192-1\">XCV-E<\/label><\/span><span class=\"elementor-field-option\"><input type=\"checkbox\" value=\"TCW\" id=\"form-field-field_71c4192-2\" name=\"form_fields[field_71c4192][]\"> <label for=\"form-field-field_71c4192-2\">TCW<\/label><\/span><span class=\"elementor-field-option\"><input type=\"checkbox\" value=\"SCW\" id=\"form-field-field_71c4192-3\" name=\"form_fields[field_71c4192][]\"> <label for=\"form-field-field_71c4192-3\">SCW<\/label><\/span><span class=\"elementor-field-option\"><input type=\"checkbox\" value=\"PCT\" id=\"form-field-field_71c4192-4\" name=\"form_fields[field_71c4192][]\"> <label for=\"form-field-field_71c4192-4\">PCT<\/label><\/span><span class=\"elementor-field-option\"><input type=\"checkbox\" value=\"PCP\" id=\"form-field-field_71c4192-5\" name=\"form_fields[field_71c4192][]\"> <label for=\"form-field-field_71c4192-5\">PCP<\/label><\/span><span class=\"elementor-field-option\"><input type=\"checkbox\" value=\"Di\u011fer\" id=\"form-field-field_71c4192-6\" name=\"form_fields[field_71c4192][]\"> <label for=\"form-field-field_71c4192-6\">Di\u011fer<\/label><\/span><\/div>\t\t\t\t<\/div>\n\t\t\t\t\t\t\t\t<div class=\"elementor-field-type-textarea elementor-field-group elementor-column elementor-field-group-field_5ebcbaa elementor-col-100 elementor-md-100 elementor-field-required elementor-mark-required\">\n\t\t\t\t\t\t\t\t\t\t\t\t<label for=\"form-field-field_5ebcbaa\" class=\"elementor-field-label\">\n\t\t\t\t\t\t\t\tMesaj\u0131n\u0131z\t\t\t\t\t\t\t<\/label>\n\t\t\t\t\t\t<textarea class=\"elementor-field-textual elementor-field  elementor-size-md\" name=\"form_fields[field_5ebcbaa]\" id=\"form-field-field_5ebcbaa\" rows=\"6\" placeholder=\"Belirtmek istedi\u011finizi detaylar\u0131n\u0131 yazabilirsiniz...\" required=\"required\"><\/textarea>\t\t\t\t<\/div>\n\t\t\t\t\t\t\t\t<div class=\"elementor-field-type-acceptance elementor-field-group elementor-column elementor-field-group-field_2b513d8 elementor-col-100 elementor-md-70 elementor-field-required elementor-mark-required\">\n\t\t\t\t\t\t\t\t\t\t\t\t<label for=\"form-field-field_2b513d8\" class=\"elementor-field-label\">\n\t\t\t\t\t\t\t\tAyd\u0131nlatma Metni\t\t\t\t\t\t\t<\/label>\n\t\t\t\t\t\t\t\t<div class=\"elementor-field-subgroup\">\n\t\t\t<span class=\"elementor-field-option\">\n\t\t\t\t<input type=\"checkbox\" name=\"form_fields[field_2b513d8]\" id=\"form-field-field_2b513d8\" class=\"elementor-field elementor-size-md  elementor-acceptance-field\" required=\"required\">\n\t\t\t\t<label for=\"form-field-field_2b513d8\">Ayd\u0131nlatma Metnini  okudum ve onayl\u0131yorum.<\/label>\t\t\t<\/span>\n\t\t<\/div>\n\t\t\t\t\t\t<\/div>\n\t\t\t\t\t\t\t\t<div class=\"elementor-field-type-html elementor-field-group elementor-column elementor-field-group-field_2db6461 elementor-col-100 elementor-md-70\">\n\t\t\t\t\t\t\t\t\t<\/div>\n\t\t\t\t\t\t\t\t<div class=\"elementor-field-group elementor-column elementor-field-type-submit elementor-col-100 e-form__buttons elementor-md-30\">\n\t\t\t\t\t<button class=\"elementor-button elementor-size-md\" type=\"submit\">\n\t\t\t\t\t\t<span class=\"elementor-button-content-wrapper\">\n\t\t\t\t\t\t\t\t\t\t\t\t\t\t\t<span class=\"elementor-button-icon\">\n\t\t\t\t\t\t\t\t\t<i aria-hidden=\"true\" class=\" ti-arrow-top-right\"><\/i>\t\t\t\t\t\t\t\t\t\t\t\t\t\t\t\t\t<\/span>\n\t\t\t\t\t\t\t\t\t\t\t\t\t\t\t\t\t\t\t\t\t\t<span class=\"elementor-button-text\">Mesaj\u0131m\u0131 G\u00f6nder<\/span>\n\t\t\t\t\t\t\t\t\t\t\t\t\t<\/span>\n\t\t\t\t\t<\/button>\n\t\t\t\t<\/div>\n\t\t\t<\/div>\n\t\t<\/form>\n\t\t\t\t\t\t<\/div>\n\t\t\t\t<\/div>\n\t\t\t\t\t<\/div>\n\t\t\t\t<\/div>\n\t\t\t\t<\/div>\n\t\t","protected":false},"excerpt":{"rendered":"<p>Makineler ile ilgili servis taleplerinizi a\u015fa\u011f\u0131daki formu doldurarak bize iletebilirsiniz. SERV\u0130S TALEP FORMU Acil servis taleplerinizi 90 532 655 55<\/p>\n","protected":false},"author":2,"featured_media":0,"parent":0,"menu_order":0,"comment_status":"closed","ping_status":"closed","template":"","meta":{"footnotes":""},"class_list":["post-2","page","type-page","status-publish","hentry"],"_links":{"self":[{"href":"https:\/\/gar-mak.com\/ar\/wp-json\/wp\/v2\/pages\/2","targetHints":{"allow":["GET"]}}],"collection":[{"href":"https:\/\/gar-mak.com\/ar\/wp-json\/wp\/v2\/pages"}],"about":[{"href":"https:\/\/gar-mak.com\/ar\/wp-json\/wp\/v2\/types\/page"}],"author":[{"embeddable":true,"href":"https:\/\/gar-mak.com\/ar\/wp-json\/wp\/v2\/users\/2"}],"replies":[{"embeddable":true,"href":"https:\/\/gar-mak.com\/ar\/wp-json\/wp\/v2\/comments?post=2"}],"version-history":[{"count":1,"href":"https:\/\/gar-mak.com\/ar\/wp-json\/wp\/v2\/pages\/2\/revisions"}],"predecessor-version":[{"id":31485,"href":"https:\/\/gar-mak.com\/ar\/wp-json\/wp\/v2\/pages\/2\/revisions\/31485"}],"wp:attachment":[{"href":"https:\/\/gar-mak.com\/ar\/wp-json\/wp\/v2\/media?parent=2"}],"curies":[{"name":"wp","href":"https:\/\/api.w.org\/{rel}","templated":true}]}}