{"id":12,"date":"2025-09-05T22:49:55","date_gmt":"2025-09-05T19:49:55","guid":{"rendered":"https:\/\/gar-mak.com\/?page_id=12"},"modified":"2025-10-22T22:44:26","modified_gmt":"2025-10-22T19:44:26","slug":"insan-kaynaklari","status":"publish","type":"page","link":"https:\/\/gar-mak.com\/ar\/insan-kaynaklari\/","title":{"rendered":"\u0130nsan Kaynaklar\u0131"},"content":{"rendered":"\t\t<div data-elementor-type=\"wp-page\" data-elementor-id=\"12\" class=\"elementor elementor-12\" data-elementor-post-type=\"page\">\n\t\t\t\t<div class=\"wd-negative-gap elementor-element elementor-element-657a8688 e-flex e-con-boxed e-con e-parent\" data-id=\"657a8688\" data-element_type=\"container\" data-e-type=\"container\">\n\t\t\t\t\t<div class=\"e-con-inner\">\n\t\t\t\t<div class=\"elementor-element elementor-element-2169eaf2 color-scheme-inherit text-left elementor-widget elementor-widget-text-editor\" data-id=\"2169eaf2\" data-element_type=\"widget\" data-e-type=\"widget\" data-widget_type=\"text-editor.default\">\n\t\t\t\t\t\t\t\t\t\n<p>Personel Al\u0131m Duyurular\u0131<\/p>\n<h3><strong> \u00dcretim Planlama Departman\u0131<\/strong><\/h3>\n<p>GarMak Makine \u00fcretim planlama departman\u0131nda, imalathane operasyonlar\u0131n\u0131 dijitalle\u015fme ve End\u00fcstri 4.0 \u00e7er\u00e7evesine ta\u015f\u0131yacak, yenilik\u00e7i ve dinamik bir End\u00fcstri M\u00fchendisi ar\u0131yoruz. Kaizen ve Yal\u0131n \u00dcretim y\u00f6ntemlerini uygulayarak s\u00fcre\u00e7lerimizi optimize etme, ERP sistemlerini entegre ederek otomasyon s\u00fcre\u00e7lerimizi g\u00fc\u00e7lendirme g\u00f6revlerini \u00fcstlenecek olan bu pozisyon, \u015firketimizin gelecek vizyonunu \u015fekillendirme f\u0131rsat\u0131 sunmaktad\u0131r.<\/p>\n\t\t\t\t\t\t\t\t<\/div>\n\t\t\t\t\t<\/div>\n\t\t\t\t<\/div>\n\t\t<div class=\"wd-negative-gap elementor-element elementor-element-5f8c249 satistemsilcileri e-flex e-con-boxed e-con e-parent\" data-id=\"5f8c249\" data-element_type=\"container\" data-e-type=\"container\">\n\t\t\t\t\t<div class=\"e-con-inner\">\n\t\t\t\t<div class=\"elementor-element elementor-element-77e602d elementor-widget elementor-widget-heading\" data-id=\"77e602d\" data-element_type=\"widget\" data-e-type=\"widget\" data-widget_type=\"heading.default\">\n\t\t\t\t\t<h2 class=\"elementor-heading-title elementor-size-default\">Personel Al\u0131m Duyurular\u0131<\/h2>\t\t\t\t<\/div>\n\t\t\t\t<div class=\"elementor-element elementor-element-c84795c elementor-widget elementor-widget-heading\" data-id=\"c84795c\" data-element_type=\"widget\" data-e-type=\"widget\" data-widget_type=\"heading.default\">\n\t\t\t\t\t<h2 class=\"elementor-heading-title elementor-size-default\">\u0130MALAT<\/h2>\t\t\t\t<\/div>\n\t\t<div class=\"elementor-element elementor-element-dbd586c e-con-full e-flex e-con e-child\" data-id=\"dbd586c\" data-element_type=\"container\" data-e-type=\"container\">\n\t\t<div class=\"elementor-element elementor-element-23757e6 e-con-full e-flex e-con e-child\" data-id=\"23757e6\" data-element_type=\"container\" data-e-type=\"container\" data-settings=\"{&quot;background_background&quot;:&quot;classic&quot;}\">\n\t\t\t\t<div class=\"elementor-element elementor-element-04ba3df elementor-widget elementor-widget-heading\" data-id=\"04ba3df\" data-element_type=\"widget\" data-e-type=\"widget\" data-widget_type=\"heading.default\">\n\t\t\t\t\t<h2 class=\"elementor-heading-title elementor-size-default\">Tornac\u0131<\/h2>\t\t\t\t<\/div>\n\t\t\t\t<div class=\"elementor-element elementor-element-e7d7558 elementor-widget elementor-widget-image\" data-id=\"e7d7558\" data-element_type=\"widget\" data-e-type=\"widget\" data-widget_type=\"image.default\">\n\t\t\t\t\t\t\t\t\t\t\t\t\t\t\t<img loading=\"lazy\" decoding=\"async\" width=\"800\" height=\"800\" src=\"https:\/\/gar-mak.com\/wp-content\/uploads\/2025\/09\/aaa-800x800.png\" class=\"attachment-large size-large wp-image-29826\" alt=\"\" srcset=\"https:\/\/gar-mak.com\/wp-content\/uploads\/2025\/09\/aaa-800x800.png 800w, https:\/\/gar-mak.com\/wp-content\/uploads\/2025\/09\/aaa-300x300.png 300w, https:\/\/gar-mak.com\/wp-content\/uploads\/2025\/09\/aaa-150x150.png 150w, https:\/\/gar-mak.com\/wp-content\/uploads\/2025\/09\/aaa-768x768.png 768w, https:\/\/gar-mak.com\/wp-content\/uploads\/2025\/09\/aaa-1536x1536.png 1536w, https:\/\/gar-mak.com\/wp-content\/uploads\/2025\/09\/aaa-2048x2048.png 2048w, https:\/\/gar-mak.com\/wp-content\/uploads\/2025\/09\/aaa-430x430.png 430w, https:\/\/gar-mak.com\/wp-content\/uploads\/2025\/09\/aaa-700x700.png 700w\" sizes=\"auto, (max-width: 800px) 100vw, 800px\" title=\"\">\t\t\t\t\t\t\t\t\t\t\t\t\t\t\t<\/div>\n\t\t\t\t<div class=\"elementor-element elementor-element-d43a726 elementor-widget elementor-widget-heading\" data-id=\"d43a726\" data-element_type=\"widget\" data-e-type=\"widget\" data-widget_type=\"heading.default\">\n\t\t\t\t\t<h2 class=\"elementor-heading-title elementor-size-default\"> GarMak imalathanesinde klasik torna konusunda yeterli bilgiye sahip tecr\u00fcbeli tornac\u0131 al\u0131nacakt\u0131r.<\/h2>\t\t\t\t<\/div>\n\t\t\t\t<\/div>\n\t\t<div class=\"elementor-element elementor-element-9125554 e-con-full e-flex e-con e-child\" data-id=\"9125554\" data-element_type=\"container\" data-e-type=\"container\" data-settings=\"{&quot;background_background&quot;:&quot;classic&quot;}\">\n\t\t\t\t<div class=\"elementor-element elementor-element-b728cfe elementor-widget elementor-widget-heading\" data-id=\"b728cfe\" data-element_type=\"widget\" data-e-type=\"widget\" data-widget_type=\"heading.default\">\n\t\t\t\t\t<h2 class=\"elementor-heading-title elementor-size-default\">Kaynak\u00e7\u0131<\/h2>\t\t\t\t<\/div>\n\t\t\t\t<div class=\"elementor-element elementor-element-c507d3c elementor-widget elementor-widget-image\" data-id=\"c507d3c\" data-element_type=\"widget\" data-e-type=\"widget\" data-widget_type=\"image.default\">\n\t\t\t\t\t\t\t\t\t\t\t\t\t\t\t<img loading=\"lazy\" decoding=\"async\" width=\"1157\" height=\"800\" src=\"https:\/\/gar-mak.com\/wp-content\/uploads\/2025\/09\/bb-1157x800.png\" class=\"attachment-large size-large wp-image-29824\" alt=\"\" srcset=\"https:\/\/gar-mak.com\/wp-content\/uploads\/2025\/09\/bb-1157x800.png 1157w, https:\/\/gar-mak.com\/wp-content\/uploads\/2025\/09\/bb-400x277.png 400w, https:\/\/gar-mak.com\/wp-content\/uploads\/2025\/09\/bb-768x531.png 768w, https:\/\/gar-mak.com\/wp-content\/uploads\/2025\/09\/bb-1536x1062.png 1536w, https:\/\/gar-mak.com\/wp-content\/uploads\/2025\/09\/bb-430x297.png 430w, https:\/\/gar-mak.com\/wp-content\/uploads\/2025\/09\/bb-700x484.png 700w, https:\/\/gar-mak.com\/wp-content\/uploads\/2025\/09\/bb-150x104.png 150w, https:\/\/gar-mak.com\/wp-content\/uploads\/2025\/09\/bb.png 1743w\" sizes=\"auto, (max-width: 1157px) 100vw, 1157px\" title=\"\">\t\t\t\t\t\t\t\t\t\t\t\t\t\t\t<\/div>\n\t\t\t\t<div class=\"elementor-element elementor-element-4d2f0e7 elementor-widget elementor-widget-heading\" data-id=\"4d2f0e7\" data-element_type=\"widget\" data-e-type=\"widget\" data-widget_type=\"heading.default\">\n\t\t\t\t\t<h2 class=\"elementor-heading-title elementor-size-default\">GarMak imalathanesinde gazalt\u0131 kayna\u011f\u0131 konusunda yeterli bilgiye sahip kaynak\u00e7\u0131 al\u0131nacakt\u0131r.<\/h2>\t\t\t\t<\/div>\n\t\t\t\t<\/div>\n\t\t<div class=\"elementor-element elementor-element-c918268 e-con-full e-flex e-con e-child\" data-id=\"c918268\" data-element_type=\"container\" data-e-type=\"container\" data-settings=\"{&quot;background_background&quot;:&quot;classic&quot;}\">\n\t\t\t\t<div class=\"elementor-element elementor-element-177c4f2 elementor-widget elementor-widget-heading\" data-id=\"177c4f2\" data-element_type=\"widget\" data-e-type=\"widget\" data-widget_type=\"heading.default\">\n\t\t\t\t\t<h2 class=\"elementor-heading-title elementor-size-default\">Stajyer\/ \u00c7\u0131rak<\/h2>\t\t\t\t<\/div>\n\t\t\t\t<div class=\"elementor-element elementor-element-67ce717 elementor-widget elementor-widget-image\" data-id=\"67ce717\" data-element_type=\"widget\" data-e-type=\"widget\" data-widget_type=\"image.default\">\n\t\t\t\t\t\t\t\t\t\t\t\t\t\t\t<img loading=\"lazy\" decoding=\"async\" width=\"800\" height=\"800\" src=\"https:\/\/gar-mak.com\/wp-content\/uploads\/2025\/09\/cc-800x800.png\" class=\"attachment-large size-large wp-image-29825\" alt=\"\" srcset=\"https:\/\/gar-mak.com\/wp-content\/uploads\/2025\/09\/cc-800x800.png 800w, https:\/\/gar-mak.com\/wp-content\/uploads\/2025\/09\/cc-300x300.png 300w, https:\/\/gar-mak.com\/wp-content\/uploads\/2025\/09\/cc-150x150.png 150w, https:\/\/gar-mak.com\/wp-content\/uploads\/2025\/09\/cc-768x768.png 768w, https:\/\/gar-mak.com\/wp-content\/uploads\/2025\/09\/cc-1536x1536.png 1536w, https:\/\/gar-mak.com\/wp-content\/uploads\/2025\/09\/cc-2048x2048.png 2048w, https:\/\/gar-mak.com\/wp-content\/uploads\/2025\/09\/cc-430x430.png 430w, https:\/\/gar-mak.com\/wp-content\/uploads\/2025\/09\/cc-700x700.png 700w\" sizes=\"auto, (max-width: 800px) 100vw, 800px\" title=\"\">\t\t\t\t\t\t\t\t\t\t\t\t\t\t\t<\/div>\n\t\t\t\t<div class=\"elementor-element elementor-element-c2e5df6 elementor-widget elementor-widget-heading\" data-id=\"c2e5df6\" data-element_type=\"widget\" data-e-type=\"widget\" data-widget_type=\"heading.default\">\n\t\t\t\t\t<h2 class=\"elementor-heading-title elementor-size-default\">GarMak imalathanesinde montaj \u2013 kaynak \u2013 servis konular\u0131nda yeti\u015ftirilmek \u00fczere \u00e7\u0131rak ve\/veya stajyer al\u0131m\u0131 yap\u0131lacakt\u0131r.<\/h2>\t\t\t\t<\/div>\n\t\t\t\t<\/div>\n\t\t\t\t<\/div>\n\t\t\t\t<div class=\"elementor-element elementor-element-1540456 elementor-widget elementor-widget-heading\" data-id=\"1540456\" data-element_type=\"widget\" data-e-type=\"widget\" data-widget_type=\"heading.default\">\n\t\t\t\t\t<h2 class=\"elementor-heading-title elementor-size-default\">Ba\u015fvurunuzu \u00f6ncelikle ba\u015fvuru formunu doldurarak; randevu olu\u015fturmak i\u00e7in ridvan@gar-mak.com mail adresine kendinizi tan\u0131t\u0131c\u0131 ve ileti\u015fim bilgilerinizi i\u00e7eren mail atabilirsiniz.\n\n<br><br>\u0130NSAN KAYNAKLARI SORUMLUSU \u2013 R\u0131dvan Bekta\u015f<\/h2>\t\t\t\t<\/div>\n\t\t\t\t\t<\/div>\n\t\t\t\t<\/div>\n\t\t\t\t<\/div>\n\t\t","protected":false},"excerpt":{"rendered":"<p>Personel Al\u0131m Duyurular\u0131 \u00dcretim Planlama Departman\u0131 GarMak Makine \u00fcretim planlama departman\u0131nda, imalathane operasyonlar\u0131n\u0131 dijitalle\u015fme ve End\u00fcstri 4.0 \u00e7er\u00e7evesine ta\u015f\u0131yacak, yenilik\u00e7i<\/p>\n","protected":false},"author":2,"featured_media":0,"parent":0,"menu_order":0,"comment_status":"closed","ping_status":"closed","template":"","meta":{"footnotes":""},"class_list":["post-12","page","type-page","status-publish","hentry"],"_links":{"self":[{"href":"https:\/\/gar-mak.com\/ar\/wp-json\/wp\/v2\/pages\/12","targetHints":{"allow":["GET"]}}],"collection":[{"href":"https:\/\/gar-mak.com\/ar\/wp-json\/wp\/v2\/pages"}],"about":[{"href":"https:\/\/gar-mak.com\/ar\/wp-json\/wp\/v2\/types\/page"}],"author":[{"embeddable":true,"href":"https:\/\/gar-mak.com\/ar\/wp-json\/wp\/v2\/users\/2"}],"replies":[{"embeddable":true,"href":"https:\/\/gar-mak.com\/ar\/wp-json\/wp\/v2\/comments?post=12"}],"version-history":[{"count":0,"href":"https:\/\/gar-mak.com\/ar\/wp-json\/wp\/v2\/pages\/12\/revisions"}],"wp:attachment":[{"href":"https:\/\/gar-mak.com\/ar\/wp-json\/wp\/v2\/media?parent=12"}],"curies":[{"name":"wp","href":"https:\/\/api.w.org\/{rel}","templated":true}]}}